{"id":83,"date":"2024-02-24T13:42:59","date_gmt":"2024-02-24T12:42:59","guid":{"rendered":"https:\/\/simply-learn.de\/shop\/?post_type=product&#038;p=83"},"modified":"2026-01-03T10:50:17","modified_gmt":"2026-01-03T09:50:17","slug":"paket-open-017","status":"publish","type":"product","link":"https:\/\/simply-learn.de\/shop\/produkt\/paket-open-017\/","title":{"rendered":"Paket Open \u2013 Online-Training inkl. SCC-VAZ 2021 Pr\u00fcfung (Dok. 017) + flexibler Pr\u00fcfungstermin"},"content":{"rendered":"<h2>SCC Online-Training inkl. SCC VAZ-2021 Pr\u00fcfung (Dok. 017) + flexibler Pr\u00fcfungstermin<\/h2>\n<p>Die Pr\u00fcfungsvorbereitung umfasst 14 Themenmodule, die mit kurzen Multiple-Choice-Tests abschlie\u00dfen und zahlreiche Interaktionen, didaktisch reduzierte Lehrinhalte, Quizze und moderne Frage- und Vermittlungsformen enth\u00e4lt. Diese Schulungsinhalte sind in unserem Tool detailliert dargestellt. Anhand von 14 Sachgebieten bzw. Modulen k\u00f6nnen sich F\u00fchrungskr\u00e4fte und Mitarbeiter effektiv auf die anerkannte Pr\u00fcfung gem\u00e4\u00df Dokument 017 vorbereiten. Bei freier Zeiteinteilung bestimmen die Teilnehmenden ihr Lerntempo und \u00fcberpr\u00fcfen mithilfe kurzer Wissenskontrollen am Ende des jeweiligen Moduls Ihren Lernerfolg. Die einzelnen Module sind inhaltlich abgeschlossen und k\u00f6nnen unabh\u00e4ngig von der Reihenfolge absolviert werden.<\/p>\n<ul>\n<li>Nach der Bestellung erh\u00e4lt jeder Teilnehmende individuelle Zugangsdaten, mit denen er sich flexibel und in eigener Zeiteinteilung auf die SCC-Pr\u00fcfung gem. Dok. 017 vorbereiten kann.<\/li>\n<li>Die SCC-Pr\u00fcfung gem. Dok. 017 erfolgt durch eine Zertifizierungsgesellschaft f\u00fcr Personal<\/li>\n<li>Die Zulassung zur anerkannten SCC-Pr\u00e4senzpr\u00fcfung gem. Dok. 017 erfordert einen separaten Antrag bei der Zertifizierungsstelle f\u00fcr Personal.<\/li>\n<li>Wenn die Eingangsvoraussetzungen erf\u00fcllt sind, ist es m\u00f6glich, die SGU-Pr\u00fcfung auch ohne vorherige Schulung abzulegen. Bei Bestehen der Pr\u00fcfung und Erf\u00fcllung aller Voraussetzungen k\u00f6nnen Sie das SGU-Zertifikat erhalten. Dieses Personalzertifikat ist ein Baustein f\u00fcr die Betriebszertifizierung und Nachweis f\u00fcr sicheres Arbeiten gegen\u00fcber Auftraggebern<\/li>\n<\/ul>\n<p><strong>Nutzen<\/strong><\/p>\n<ul>\n<li>Sie absolvieren die von Kontraktoren geforderte SCC-VAZ 2021 Pr\u00fcfung f\u00fcr F\u00fchrungskr\u00e4fte<\/li>\n<li>Sie weisen Know-how im Bereich Arbeitssicherheit, Gesundheits- und Umweltschutz nach.<\/li>\n<li>Sie schaffen die Voraussetzung f\u00fcr eine Unternehmenszertifizierung nach SCC.<\/li>\n<li>SGU-Pr\u00fcfung durch akkreditierte Personalzertifizierungsstelle<\/li>\n<li>Zertifikat mit 5-j\u00e4hriger G\u00fcltigkeit<\/li>\n<li>Online-Schulung kann innerhalb von ca. 6-8 Stunden absolviert werden<\/li>\n<\/ul>\n<p><strong>Online-Lehrgangsinhalte<\/strong><\/p>\n<ul>\n<li>Arbeitsschutzgesetzgebung und -\u00fcberwachung<\/li>\n<li>Unfallursachen und Verhalten bei Unf\u00e4llen<\/li>\n<li>Umgang mit Gefahrstoffen<\/li>\n<li>Arbeiten auf hoch und tief gelegenen Arbeitspl\u00e4tzen \/ Arbeitserlaubnis und Arbeiten in geschlossenen R\u00e4umen<\/li>\n<li>Einsatz von Arbeitsmitteln<\/li>\n<li>F\u00f6rder- und Hebetechnik, Verkehrswege\/ Pers\u00f6nliche Schutzausr\u00fcstung \/ Pr\u00fcfung<\/li>\n<\/ul>\n<p><strong>Zertifikat\/Lehrgangsziel<\/strong><\/p>\n<p>Sie bereiten sich zeit- und ortsunabh\u00e4ngig auf die SGU-Pr\u00fcfung des SCC-Regelwerkes vor.<\/p>\n<p><strong>Eingangsvoraussetzungen<\/strong><\/p>\n<p>Folgende Systemvoraussetzungen sind notwendig:<\/p>\n<ul>\n<li>PC, Laptop, Smartphone, Tablett mit Internetverbindung und Web-Browser<\/li>\n<li>Um Ihnen einen Zugang zu der Online-Schulung zur Verf\u00fcgung stellen zu k\u00f6nnen, ist eine personenbezogene E-Mail-Adresse Voraussetzung.<\/li>\n<li>Nach Angebotsannahme und Zusendung der Teilnehmerdaten erh\u00e4lt jeder Teilnehmende eine bis zum Pr\u00fcfungstermin beschr\u00e4nkte, personalisierte Lizenz zur Nutzung der E-Learning-Kursinhalte.<\/li>\n<\/ul>\n<p>Die Voraussetzung zur Teilnahme an der SGU-Pr\u00fcfung ist eine abgeschlossene Berufsausbildung gem\u00e4\u00df Berufsbildungsgesetz (BBiG) bzw. eine gleichwertige oder h\u00f6herwertige Ausbildung. Als Nachweis der Berufsausbildung kann alternativ eine Bescheinigung, in der mit folgendem Text best\u00e4tigt werden sollte, dass der Teilnehmer seit mind. 3 Jahren in Ihrem Unternehmen oder in einem anderen Unternehmen in Deutschland besch\u00e4ftigt ist, eingereicht werden.<\/p>\n<p>Bei ausl\u00e4ndischen Abschl\u00fcssen muss eine Berufserfahrung von mind. 1 Jahr in Deutschland nachgewiesen werden. Der Nachweis eines g\u00fcltigen Dok.16 Zertifikats reicht, wenn keine Berufsausbildung bzw. Berufserfahrung vorhanden ist.<\/p>\n<p><strong><em>Text f\u00fcr die Best\u00e4tigung der mind. 3-j\u00e4hrigen Berufserfahrung in einem Ausbildungsberuf:<\/em><\/strong><\/p>\n<p>\u2014 hiermit best\u00e4tigen wir, dass Herr xxxxxx, geb. am \u2026 in der Zeit von \u2026 bis \u2026 aufgrund seiner Berufserfahrung in unserem Unternehmen in Deutschland in dem staatlich anerkannten Ausbildungsberuf xxxxx F\u00e4higkeiten erworben hat, die \u00fcblicherweise denen von Personen der h\u00f6heren Qualifikationsgruppe 4 gem. Anlage 13 SGB VI entsprechen und damit Kenntnisse im deutschen Arbeitsschutz und Umweltschutz besitzt<\/p>\n<p><strong>Preisbildung:<\/strong><\/p>\n<p>Geb\u00fchr f\u00fcr die Online-Schulung und sonstiger Kosten: 20,00 \u20ac zzgl. 19% MwSt.<\/p>\n<p>Geb\u00fchr f\u00fcr die SGU-Pr\u00fcfung: 129,00 \u20ac zzgl. 19% MwSt.<\/p>\n\n<h3>Paket jetzt buchen (Angaben zum Teilnehmenden)<\/h3>\n<p>An dieser Stelle k\u00f6nnen Sie den SCC Pr\u00fcfungstermin f\u00fcr den Nutzer des Lerntools und die Daten des Nutzers mit Angabe von Vor- und Nachname eingeben.<br>Tragen Sie die Daten des Teilnehmenden ein, dem die Zugangsdaten zugeschickt werden sollen.<\/p>\n<form method=\"post\">\n\t<input type=\"hidden\" name=\"wwz_add_to_cart\">\n\t<input type=\"hidden\" name=\"product_id\" value=\"83\">\n\t\t\t\t<p><strong>Geben Sie Ihren gew\u00fcnschten Pr\u00fcfungstermin ein<\/strong><\/p>\n\t\t<label>Datum<\/label>\n\t\t<input type=\"date\" name=\"wunschdatum\" value=\"\" required>\n\t\t<label>Uhrzeit<\/label>\n\t\t<input type=\"time\" name=\"wunschzeit\" value=\"\" required>\n\t\t<br>\n\t\t\t<p><strong>Tragen Sie die Daten der Personen ein, die Sie hinzuf\u00fcgen m\u00f6chten<\/strong><\/p>\n\t<table>\n\t\t<tr>\n\t\t\t<th>\n\t\t\t\tVorname\t\t\t<\/th>\n\t\t\t<th>\n\t\t\t\tNachname\t\t\t<\/th>\n\t\t<\/tr>\n\t\t<tr>\n\t\t\t<td>\n\t\t\t\t<input type=\"text\" name=\"vorname[]\" placeholder=\"Vorname\" required>\n\t\t\t<\/td>\n\t\t\t<td>\n\t\t\t\t<input type=\"text\" name=\"nachname[]\" placeholder=\"Nachname\" required>\n\t\t\t<\/td>\n\t\t<\/tr>\n\t\t<tr>\n\t\t\t<td>\n\t\t\t\t<input type=\"text\" name=\"vorname[]\" placeholder=\"Vorname\">\n\t\t\t<\/td>\n\t\t\t<td>\n\t\t\t\t<input type=\"text\" name=\"nachname[]\" placeholder=\"Nachname\">\n\t\t\t<\/td>\n\t\t<\/tr>\n\t\t<tr>\n\t\t\t<td>\n\t\t\t\t<input type=\"text\" name=\"vorname[]\" placeholder=\"Vorname\">\n\t\t\t<\/td>\n\t\t\t<td>\n\t\t\t\t<input type=\"text\" name=\"nachname[]\" placeholder=\"Nachname\">\n\t\t\t<\/td>\n\t\t<\/tr>\n\t\t<tr>\n\t\t\t<td>\n\t\t\t\t<input type=\"text\" name=\"vorname[]\" placeholder=\"Vorname\">\n\t\t\t<\/td>\n\t\t\t<td>\n\t\t\t\t<input type=\"text\" name=\"nachname[]\" placeholder=\"Nachname\">\n\t\t\t<\/td>\n\t\t<\/tr>\n\t\t<tr>\n\t\t\t<td>\n\t\t\t\t<input type=\"text\" name=\"vorname[]\" placeholder=\"Vorname\">\n\t\t\t<\/td>\n\t\t\t<td>\n\t\t\t\t<input type=\"text\" name=\"nachname[]\" placeholder=\"Nachname\">\n\t\t\t<\/td>\n\t\t<\/tr>\n\t<\/table>\n<!-- \t<label>Vorname: <\/label>\n\t<input type=\"text\" name=\"vorname[]\" placeholder=\"Vorname\" required>\n\t<label>Nachname: <\/label>\n\t<input type=\"text\" name=\"nachname[]\" placeholder=\"Nachname\" required>\n\t<br>\n -->\t<button type=\"submit\">\n\t\tUnverbindlich hinzuf\u00fcgen\t<\/button>\n<\/form>\n\n\n\r\n<h3>\u00dcbersicht Ihrer bisherigen Buchungen<\/h3>\r\n<div class=\"wwz-custom-cart\">\r\n\t\t\t<p>Keine Buchungen gefunden<\/p>\r\n\t<\/div>\r\n\r\n\r\n","protected":false},"excerpt":{"rendered":"<p>SCC Online-Training inkl. SCC VAZ-2021 Pr\u00fcfung (Dok. 017) + flexibler Pr\u00fcfungstermin Die Pr\u00fcfungsvorbereitung umfasst 14 Themenmodule, die mit kurzen Multiple-Choice-Tests abschlie\u00dfen und zahlreiche Interaktionen, didaktisch reduzierte Lehrinhalte, Quizze und moderne Frage- und Vermittlungsformen enth\u00e4lt. Diese Schulungsinhalte sind in unserem Tool detailliert dargestellt. Anhand von 14 Sachgebieten bzw. Modulen k\u00f6nnen sich F\u00fchrungskr\u00e4fte und Mitarbeiter effektiv auf [&hellip;]<\/p>\n","protected":false},"featured_media":1137,"template":"","meta":{"_wasitools_body_class":""},"product_brand":[],"product_cat":[38],"product_tag":[45,43,44],"class_list":{"0":"post-83","1":"product","2":"type-product","3":"status-publish","4":"has-post-thumbnail","6":"product_cat-pruefung-dok-017","7":"product_tag-scc-online-schulung","8":"product_tag-scc-pruefungsvorbereitung-online","9":"product_tag-scc-schulung-bundesweit","11":"first","12":"instock","13":"downloadable","14":"virtual","15":"taxable","16":"purchasable","17":"product-type-simple","18":"czr-hentry"},"jetpack_sharing_enabled":true,"_links":{"self":[{"href":"https:\/\/simply-learn.de\/shop\/wp-json\/wp\/v2\/product\/83","targetHints":{"allow":["GET"]}}],"collection":[{"href":"https:\/\/simply-learn.de\/shop\/wp-json\/wp\/v2\/product"}],"about":[{"href":"https:\/\/simply-learn.de\/shop\/wp-json\/wp\/v2\/types\/product"}],"wp:featuredmedia":[{"embeddable":true,"href":"https:\/\/simply-learn.de\/shop\/wp-json\/wp\/v2\/media\/1137"}],"wp:attachment":[{"href":"https:\/\/simply-learn.de\/shop\/wp-json\/wp\/v2\/media?parent=83"}],"wp:term":[{"taxonomy":"product_brand","embeddable":true,"href":"https:\/\/simply-learn.de\/shop\/wp-json\/wp\/v2\/product_brand?post=83"},{"taxonomy":"product_cat","embeddable":true,"href":"https:\/\/simply-learn.de\/shop\/wp-json\/wp\/v2\/product_cat?post=83"},{"taxonomy":"product_tag","embeddable":true,"href":"https:\/\/simply-learn.de\/shop\/wp-json\/wp\/v2\/product_tag?post=83"}],"curies":[{"name":"wp","href":"https:\/\/api.w.org\/{rel}","templated":true}]}}