{"id":2326,"date":"2024-03-03T19:05:33","date_gmt":"2024-03-03T18:05:33","guid":{"rendered":"https:\/\/simply-learn.de\/shop\/?post_type=product&#038;p=2326"},"modified":"2024-11-11T23:44:08","modified_gmt":"2024-11-11T22:44:08","slug":"dok-018-slowenisch-remote","status":"publish","type":"product","link":"https:\/\/simply-learn.de\/shop\/produkt\/dok-018-slowenisch-remote\/","title":{"rendered":"Dok 018 Slowenisch SCC-Online-Pr\u00fcfungsvorbereitung inkl. SCC-VAZ 2021 Dok.018 Remote-Pr\u00fcfung in Slowenisch"},"content":{"rendered":"<h2><strong>Dok 018 Slowenisch SCC-Online-Pr\u00fcfungsvorbereitung inkl. SCC-VAZ 2021 Dok.018 Remote-Pr\u00fcfung in Slowenisch<br \/>\n<\/strong><\/h2>\n<p>Das Zertifizierungssystem SCC (Safety Certificate Contractors) wurde speziell f\u00fcr die sehr hohen Sicherheitsanforderungen der chemischen und mineral\u00f6lverarbeitenden Industriebetriebe an die auf ihrem Gel\u00e4nde arbeitenden Fremdfirmen entwickelt.<\/p>\n<p>Die webbasierte Pr\u00fcfungsvorbereitung erfolgt in Slowenisch und umfasst 14 Themenmodule, die mit kurzen Multiple-Choice-Tests abschlie\u00dfen und zahlreiche Interaktionen, didaktisch reduzierte Lehrinhalte, Quizze und moderne Frage- und Vermittlungsformen enth\u00e4lt.<\/p>\n<p>Diese Schulungsinhalte sind in unserem Tool detailliert dargestellt. Anhand von 14 Sachgebieten bzw. Modulen k\u00f6nnen sich F\u00fchrungskr\u00e4fte und Mitarbeiter effektiv auf die anerkannte Pr\u00fcfung gem\u00e4\u00df Dokument 018 vorbereiten. Bei freier Zeiteinteilung bestimmen die Teilnehmenden ihr Lerntempo und \u00fcberpr\u00fcfen mithilfe kurzer Wissenskontrollen am Ende des jeweiligen Moduls Ihren Lernerfolg. Die einzelnen Module sind inhaltlich abgeschlossen und k\u00f6nnen unabh\u00e4ngig von der Reihenfolge absolviert werden.<\/p>\n<ul>\n<li>Nach der Bestellung erh\u00e4lt jeder Teilnehmende individuelle Zugangsdaten, mit denen er sich flexibel und in eigener Zeiteinteilung auf die SCC-Pr\u00fcfung gem. Dok. 018 vorbereiten kann.<\/li>\n<li>Die SCC-Remotepr\u00fcfung gem. Dok. 018 erfolgt durch eine Zertifizierungsgesellschaft f\u00fcr Personal<\/li>\n<li>Die Zulassung zur anerkannten SCC-Pr\u00e4senzpr\u00fcfung gem. Dok. 018 erfordert einen separaten Antrag bei der Zertifizierungsstelle f\u00fcr Personal.<\/li>\n<li>Wenn die Eingangsvoraussetzungen erf\u00fcllt sind, ist es m\u00f6glich, die SGU-Pr\u00fcfung auch ohne vorherige Schulung abzulegen. Bei Bestehen der Pr\u00fcfung und Erf\u00fcllung aller Voraussetzungen k\u00f6nnen Sie das SGU-Zertifikat erhalten. Dieses Personalzertifikat ist ein Baustein f\u00fcr die Betriebszertifizierung und Nachweis f\u00fcr sicheres Arbeiten gegen\u00fcber Auftraggebern.<\/li>\n<\/ul>\n<p><strong>Nutzen<\/strong><\/p>\n<ul>\n<li>Sie absolvieren die von Kontraktoren geforderte SCC-VAZ 2021 Pr\u00fcfung f\u00fcr Mitarbeiter in Slowenisch.<\/li>\n<li>Sie weisen Know-how im Bereich Arbeitssicherheit, Gesundheits- und Umweltschutz nach.<\/li>\n<li>Sie schaffen die Voraussetzung f\u00fcr eine Unternehmenszertifizierung nach SCC.<\/li>\n<li>SGU-Pr\u00fcfung durch akkreditierte Personalzertifizierungsstelle<\/li>\n<li>Zertifikat mit 5-j\u00e4hriger G\u00fcltigkeit<\/li>\n<li>Online-Schulung kann innerhalb von ca. 6-8 Stunden absolviert werden<\/li>\n<\/ul>\n<p><strong>Online-Lehrgangsinhalte<\/strong><\/p>\n<ul>\n<li>Arbeitsschutzgesetzgebung und -\u00fcberwachung<\/li>\n<li>Unfallursachen und Verhalten bei Unf\u00e4llen<\/li>\n<li>Umgang mit Gefahrstoffen<\/li>\n<li>Arbeiten auf hoch und tief gelegenen Arbeitspl\u00e4tzen \/ Arbeitserlaubnis und Arbeiten in geschlossenen R\u00e4umen<\/li>\n<li>Einsatz von Arbeitsmitteln<\/li>\n<li>F\u00f6rder- und Hebetechnik, Verkehrswege\/ Pers\u00f6nliche Schutzausr\u00fcstung \/ Pr\u00fcfung<\/li>\n<\/ul>\n<p><strong>Lehrgangsziel<\/strong><\/p>\n<p>Sie bereiten sich zeit- und ortsunabh\u00e4ngig auf die SGU-Pr\u00fcfung des SCC-Regelwerkes vor.<\/p>\n<p><strong>Pers\u00f6nliche Eingangsvoraussetzung<\/strong><\/p>\n<p>Die Voraussetzung zur Teilnahme an der SGU-Pr\u00fcfung ist eine abgeschlossene Berufsausbildung gem\u00e4\u00df Berufsbildungsgesetz (BBiG) bzw. eine gleichwertige oder h\u00f6herwertige Ausbildung. Als Nachweis der Berufsausbildung kann alternativ eine Bescheinigung, in der mit folgendem Text best\u00e4tigt werden sollte, dass der Teilnehmer seit mind. 3 Jahren in Ihrem Unternehmen oder in einem anderen Unternehmen in Deutschland besch\u00e4ftigt ist, eingereicht werden.<\/p>\n<p><b>Berufsausbildung<\/b>\u00a0<b>im Ausland<\/b> mit einj\u00e4hriger Berufserfahrung in einem in Deutschland anerkannten Ausbildungsberuf Ausl\u00e4ndische Abschlussurkunde (in deutscher oder englischer Sprache, ansonsten als \u00dcbersetzung) mit Nachweis vom Arbeitsgeber \u00fcber die einj\u00e4hrige Berufserfahrung<br \/>\n<b><\/b><\/p>\n<p><b>Bereits absolvierte SGU-Pr\u00fcfung<\/b>\u00a0(<b>Dok. 016<\/b>) Zertifikat und Nachweis \u00fcber vorausgegangene SGU-Ausbildung<\/p>\n<p>&nbsp;<\/p>\n<p><strong><em>Text f\u00fcr die Best\u00e4tigung der mind. 3-j\u00e4hrigen Berufserfahrung in einem Ausbildungsberuf:<\/em><\/strong><\/p>\n<p>&#8212; hiermit best\u00e4tigen wir, dass Herr xxxxxx, geb. am &#8230; in der Zeit von &#8230; bis &#8230; aufgrund seiner Berufserfahrung in unserem Unternehmen in Deutschland in dem staatlich anerkannten Ausbildungsberuf xxxxx F\u00e4higkeiten erworben hat, die \u00fcblicherweise denen von Personen der h\u00f6heren Qualifikationsgruppe 4 gem. Anlage 13 SGB VI entsprechen und damit Kenntnisse im deutschen Arbeitsschutz und Umweltschutz besitzt \u2013<\/p>\n<p>&nbsp;<\/p>\n<p><strong>Technische und organisatorische Voraussetzungen<\/strong><\/p>\n<p>Folgende\u00a0<strong>Systemvoraussetzungen<\/strong>\u00a0sind notwendig:<\/p>\n<ul>\n<li>PC, Laptop, Smartphone, Tablett mit Internetverbindung und Web-Browser<\/li>\n<li>Um Ihnen einen Zugang zu der Online-Schulung zur Verf\u00fcgung stellen zu k\u00f6nnen, ist eine personenbezogene E-Mail-Adresse Voraussetzung.<\/li>\n<li>Nach Angebotsannahme und Zusendung der Teilnehmerdaten erh\u00e4lt jeder Teilnehmende eine bis zum Pr\u00fcfungstermin beschr\u00e4nkte, personalisierte Lizenz zur Nutzung der E-Learning-Kursinhalte.<\/li>\n<\/ul>\n<p><em><strong>Hardware Voraussetzungen<\/strong>\u00a0<\/em><\/p>\n<ul>\n<li>Internet Zugang (WLAN oder Kabel). Die Internetverbindung muss stabil sein und eine Bandbreite von mindestens 5 MBit\/s zur Verf\u00fcgung stehen.<\/li>\n<li>Webcam (separat oder am Notebook). Bevorzugt eine minimale Aufl\u00f6sung von 0.8 MP.<\/li>\n<li>Mikrofon (am besten ein Raummikrofon am Laptop\/Notebook \u2013 kein Headset).<\/li>\n<li>Internetf\u00e4higes (mindestens 5 MBit\/s) und SMS-f\u00e4higes Smartphone mit Kamerafunktion (minimale Aufl\u00f6sung von 0.8 MP) f\u00fcr das TAN-Authentifizierungsverfahren<\/li>\n<\/ul>\n<p><em><strong>Software Voraussetzungen am Pr\u00fcfungsrechner<\/strong><\/em><\/p>\n<ul>\n<li>Ein Internet Browser ist zur Durchf\u00fchrung erforderlich. (Chrome oder Edge empfohlen).<\/li>\n<li>Ein aktuelles Betriebssystem. (Windows 10, Apple Mac ab 2013, Linux ab 2013 (nicht empfohlen)<\/li>\n<li>Aktive personenbezogene Email-Adresse mit barrierefreiem Zugriff f\u00fcr den Pr\u00fcfling<\/li>\n<\/ul>\n<p><em><strong>Standort \/ Pr\u00fcfungsraum:<\/strong><\/em><\/p>\n<ul>\n<li>Der Pr\u00fcfungsraum muss hell bzw. gut ausgeleuchtet sein, sodass der Teilnehmer zu sehen ist.<\/li>\n<li>Die Pr\u00fcfung muss in einem geschlossenen Raum stattfinden (keine Terrasse, keine Halle, alle T\u00fcren sollten geschlossen sein).<\/li>\n<li>Der Raum muss m\u00f6glichst frei von St\u00f6rger\u00e4uschen sein. (z.B. keine Ger\u00e4usche von TV\/Radio, Haushaltsger\u00e4te und keine Au\u00dfenger\u00e4usche durch ge\u00f6ffnete Fenster)<\/li>\n<li>Der verwendete Arbeitsplatz\/Schreibtisch sollte m\u00f6glichst leerger\u00e4umt sein. Insbesondere muss der Platz frei sein von B\u00fcchern, Papier und insbesondere von f\u00fcr die Pr\u00fcfung fachlich relevanten Materialien<\/li>\n<li>Alle nicht f\u00fcr die Pr\u00fcfung genutzten Monitore und Bildschirme im Raum m\u00fcssen entfernt werden oder mit der Front vom Kandidaten abgewandt stehen.<\/li>\n<\/ul>\n<p><strong><em>Weitere Voraussetzungen:<\/em><\/strong><\/p>\n<ul>\n<li>Teilnehmer\/innen ben\u00f6tigen zur Durchf\u00fchrung der Pr\u00fcfung ein amtliches Ausweisdokument mit Lichtbild (z. B. Personalausweis, Reisepass, Aufenthaltsausweis oder F\u00fchrerschein).<\/li>\n<li>Sofern Laptops verwendet werden, muss sichergestellt werde, dass der Ladestand ausreichend ist, um die Aufnahme w\u00e4hrend der gesamten Pr\u00fcfungsdauer zu gew\u00e4hrleisten. Sollten Zweifel bestehen, wird empfohlen, ein Ladeger\u00e4t anzuschlie\u00dfen, um sicherzustellen, dass die Stromversorgung w\u00e4hrend der Pr\u00fcfung kontinuierlich gew\u00e4hrleistet ist.<\/li>\n<\/ul>\n<p>&nbsp;<\/p>\n<p><strong>Preisbildung:<\/strong><\/p>\n<p>Geb\u00fchr f\u00fcr die Online-Schulung und sonstiger Kosten: 380,00 \u20ac zzgl. 19% MwSt.<\/p>\n<p>Geb\u00fchr f\u00fcr die SGU-Pr\u00fcfung: 119,00 \u20ac zzgl. 19% MwSt.<\/p>\n\n<h3>Paket jetzt buchen (Angaben zum Teilnehmenden)<\/h3>\n<p>An dieser Stelle k\u00f6nnen Sie den SCC Pr\u00fcfungstermin f\u00fcr den Nutzer des Lerntools und die Daten des Nutzers mit Angabe von Vor- und Nachname eingeben.<br>Tragen Sie die Daten des Teilnehmenden ein, dem die Zugangsdaten zugeschickt werden sollen.<\/p>\n<form method=\"post\">\n\t<input type=\"hidden\" name=\"wwz_add_to_cart\">\n\t<input type=\"hidden\" name=\"product_id\" value=\"2326\">\n\t\t\t\t<p><strong>Geben Sie Ihren gew\u00fcnschten Pr\u00fcfungstermin ein<\/strong><\/p>\n\t\t<label>Datum<\/label>\n\t\t<input type=\"date\" name=\"wunschdatum\" value=\"\" required>\n\t\t<label>Uhrzeit<\/label>\n\t\t<input type=\"time\" name=\"wunschzeit\" value=\"\" required>\n\t\t<br>\n\t\t\t<p><strong>Tragen Sie die Daten der Personen ein, die Sie hinzuf\u00fcgen m\u00f6chten<\/strong><\/p>\n\t<table>\n\t\t<tr>\n\t\t\t<th>\n\t\t\t\tVorname\t\t\t<\/th>\n\t\t\t<th>\n\t\t\t\tNachname\t\t\t<\/th>\n\t\t<\/tr>\n\t\t<tr>\n\t\t\t<td>\n\t\t\t\t<input type=\"text\" name=\"vorname[]\" placeholder=\"Vorname\" required>\n\t\t\t<\/td>\n\t\t\t<td>\n\t\t\t\t<input type=\"text\" name=\"nachname[]\" placeholder=\"Nachname\" required>\n\t\t\t<\/td>\n\t\t<\/tr>\n\t\t<tr>\n\t\t\t<td>\n\t\t\t\t<input type=\"text\" name=\"vorname[]\" placeholder=\"Vorname\">\n\t\t\t<\/td>\n\t\t\t<td>\n\t\t\t\t<input type=\"text\" name=\"nachname[]\" placeholder=\"Nachname\">\n\t\t\t<\/td>\n\t\t<\/tr>\n\t\t<tr>\n\t\t\t<td>\n\t\t\t\t<input type=\"text\" name=\"vorname[]\" placeholder=\"Vorname\">\n\t\t\t<\/td>\n\t\t\t<td>\n\t\t\t\t<input type=\"text\" name=\"nachname[]\" placeholder=\"Nachname\">\n\t\t\t<\/td>\n\t\t<\/tr>\n\t\t<tr>\n\t\t\t<td>\n\t\t\t\t<input type=\"text\" name=\"vorname[]\" placeholder=\"Vorname\">\n\t\t\t<\/td>\n\t\t\t<td>\n\t\t\t\t<input type=\"text\" name=\"nachname[]\" placeholder=\"Nachname\">\n\t\t\t<\/td>\n\t\t<\/tr>\n\t\t<tr>\n\t\t\t<td>\n\t\t\t\t<input type=\"text\" name=\"vorname[]\" placeholder=\"Vorname\">\n\t\t\t<\/td>\n\t\t\t<td>\n\t\t\t\t<input type=\"text\" name=\"nachname[]\" placeholder=\"Nachname\">\n\t\t\t<\/td>\n\t\t<\/tr>\n\t<\/table>\n<!-- \t<label>Vorname: <\/label>\n\t<input type=\"text\" name=\"vorname[]\" placeholder=\"Vorname\" required>\n\t<label>Nachname: <\/label>\n\t<input type=\"text\" name=\"nachname[]\" placeholder=\"Nachname\" required>\n\t<br>\n -->\t<button type=\"submit\">\n\t\tUnverbindlich hinzuf\u00fcgen\t<\/button>\n<\/form>\n\n\n\r\n<h3>\u00dcbersicht Ihrer bisherigen Buchungen<\/h3>\r\n<div class=\"wwz-custom-cart\">\r\n\t\t\t<p>Keine Buchungen gefunden<\/p>\r\n\t<\/div>\r\n\r\n\r\n","protected":false},"excerpt":{"rendered":"<p>Dok 018 Slowenisch SCC-Online-Pr\u00fcfungsvorbereitung inkl. SCC-VAZ 2021 Dok.018 Remote-Pr\u00fcfung in Slowenisch Das Zertifizierungssystem SCC (Safety Certificate Contractors) wurde speziell f\u00fcr die sehr hohen Sicherheitsanforderungen der chemischen und mineral\u00f6lverarbeitenden Industriebetriebe an die auf ihrem Gel\u00e4nde arbeitenden Fremdfirmen entwickelt. Die webbasierte Pr\u00fcfungsvorbereitung erfolgt in Slowenisch und umfasst 14 Themenmodule, die mit kurzen Multiple-Choice-Tests abschlie\u00dfen und zahlreiche Interaktionen, [&hellip;]<\/p>\n","protected":false},"featured_media":2482,"template":"","meta":{"_wasitools_body_class":""},"product_brand":[],"product_cat":[39,73,71],"product_tag":[70,42,68,69,67,44],"class_list":{"0":"post-2326","1":"product","2":"type-product","3":"status-publish","4":"has-post-thumbnail","6":"product_cat-pruefung-dok-018","7":"product_cat-scc-fremdsprachen","8":"product_cat-remote-pruefungen","9":"product_tag-scc-englisch","10":"product_tag-scc-online","11":"product_tag-scc-online-pruefung","12":"product_tag-scc-remote","13":"product_tag-scc-remote-pruefung","14":"product_tag-scc-schulung-bundesweit","16":"first","17":"instock","18":"downloadable","19":"virtual","20":"taxable","21":"purchasable","22":"product-type-simple","23":"czr-hentry"},"jetpack_sharing_enabled":true,"_links":{"self":[{"href":"https:\/\/simply-learn.de\/shop\/wp-json\/wp\/v2\/product\/2326","targetHints":{"allow":["GET"]}}],"collection":[{"href":"https:\/\/simply-learn.de\/shop\/wp-json\/wp\/v2\/product"}],"about":[{"href":"https:\/\/simply-learn.de\/shop\/wp-json\/wp\/v2\/types\/product"}],"wp:featuredmedia":[{"embeddable":true,"href":"https:\/\/simply-learn.de\/shop\/wp-json\/wp\/v2\/media\/2482"}],"wp:attachment":[{"href":"https:\/\/simply-learn.de\/shop\/wp-json\/wp\/v2\/media?parent=2326"}],"wp:term":[{"taxonomy":"product_brand","embeddable":true,"href":"https:\/\/simply-learn.de\/shop\/wp-json\/wp\/v2\/product_brand?post=2326"},{"taxonomy":"product_cat","embeddable":true,"href":"https:\/\/simply-learn.de\/shop\/wp-json\/wp\/v2\/product_cat?post=2326"},{"taxonomy":"product_tag","embeddable":true,"href":"https:\/\/simply-learn.de\/shop\/wp-json\/wp\/v2\/product_tag?post=2326"}],"curies":[{"name":"wp","href":"https:\/\/api.w.org\/{rel}","templated":true}]}}