{"id":1356,"date":"2024-02-24T13:43:00","date_gmt":"2024-02-24T12:43:00","guid":{"rendered":"https:\/\/simply-learn.de\/shop\/?post_type=product&#038;p=1356"},"modified":"2024-02-24T13:43:00","modified_gmt":"2024-02-24T12:43:00","slug":"scc-vaz-2021-dok-016-online-pruefung-repetition","status":"publish","type":"product","link":"https:\/\/simply-learn.de\/shop\/produkt\/scc-vaz-2021-dok-016-online-pruefung-repetition\/","title":{"rendered":"SCC VAZ-2021 Dok. 016 Online-Pr\u00fcfung &#8211; Repetition"},"content":{"rendered":"<p>Diese Pr\u00fcfung kann nur durchgef\u00fchrt werden, wenn nach Bearbeitung des Lerntools die Online-VAZ 2021 Dok.016 Pr\u00fcfung erfolglos war.<br \/>\nDie Online-Pr\u00fcfung kann eigenst\u00e4ndig durchgef\u00fchrt werden. Bei Bedarf steht technischer oder fachlicher Support telefonisch zur Verf\u00fcgung.<\/p>\n<h3>Dieses Paket beinhaltet:<\/h3>\n<p>Zugang zu unserer webbasierten Online-Pr\u00fcfung gem. Dok.016 zum Wunsch-Pr\u00fcfungstermin.<br \/>\nIhr Wunschtermin wird uns von Ihnen innerhalb von 20 Tagen nach Zugang zum Pr\u00fcfungstool mitgeteilt. Die Pr\u00fcfungsabnahme erfolgt online zur Wunschzeit.<\/p>\n<p>Paket jetzt buchen (Angaben zum Teilnehmenden)<br \/>\nAn dieser Stelle k\u00f6nnen Sie den SCC Pr\u00fcfungstermin f\u00fcr den Nutzer des Pr\u00fcfungstools und die Daten des Nutzers mit Angabe von Vor- und Nachname eingeben.<br \/>\nTragen Sie die Daten des Teilnehmenden ein, dem die Zugangsdaten zugeschickt werden sollen.<\/p>\n\n<h3>Paket jetzt buchen (Angaben zum Teilnehmenden)<\/h3>\n<p>An dieser Stelle k\u00f6nnen Sie den SCC Pr\u00fcfungstermin f\u00fcr den Nutzer des Lerntools und die Daten des Nutzers mit Angabe von Vor- und Nachname eingeben.<br>Tragen Sie die Daten des Teilnehmenden ein, dem die Zugangsdaten zugeschickt werden sollen.<\/p>\n<form method=\"post\">\n\t<input type=\"hidden\" name=\"wwz_add_to_cart\">\n\t<input type=\"hidden\" name=\"product_id\" value=\"1356\">\n\t\t\t\t<p><strong>Geben Sie Ihren gew\u00fcnschten Pr\u00fcfungstermin ein<\/strong><\/p>\n\t\t<label>Datum<\/label>\n\t\t<input type=\"date\" name=\"wunschdatum\" value=\"\" required>\n\t\t<label>Uhrzeit<\/label>\n\t\t<input type=\"time\" name=\"wunschzeit\" value=\"\" required>\n\t\t<br>\n\t\t\t<p><strong>Tragen Sie die Daten der Personen ein, die Sie hinzuf\u00fcgen m\u00f6chten<\/strong><\/p>\n\t<table>\n\t\t<tr>\n\t\t\t<th>\n\t\t\t\tVorname\t\t\t<\/th>\n\t\t\t<th>\n\t\t\t\tNachname\t\t\t<\/th>\n\t\t<\/tr>\n\t\t<tr>\n\t\t\t<td>\n\t\t\t\t<input type=\"text\" name=\"vorname[]\" placeholder=\"Vorname\" required>\n\t\t\t<\/td>\n\t\t\t<td>\n\t\t\t\t<input type=\"text\" name=\"nachname[]\" placeholder=\"Nachname\" required>\n\t\t\t<\/td>\n\t\t<\/tr>\n\t\t<tr>\n\t\t\t<td>\n\t\t\t\t<input type=\"text\" name=\"vorname[]\" placeholder=\"Vorname\">\n\t\t\t<\/td>\n\t\t\t<td>\n\t\t\t\t<input type=\"text\" name=\"nachname[]\" placeholder=\"Nachname\">\n\t\t\t<\/td>\n\t\t<\/tr>\n\t\t<tr>\n\t\t\t<td>\n\t\t\t\t<input type=\"text\" name=\"vorname[]\" placeholder=\"Vorname\">\n\t\t\t<\/td>\n\t\t\t<td>\n\t\t\t\t<input type=\"text\" name=\"nachname[]\" placeholder=\"Nachname\">\n\t\t\t<\/td>\n\t\t<\/tr>\n\t\t<tr>\n\t\t\t<td>\n\t\t\t\t<input type=\"text\" name=\"vorname[]\" placeholder=\"Vorname\">\n\t\t\t<\/td>\n\t\t\t<td>\n\t\t\t\t<input type=\"text\" name=\"nachname[]\" placeholder=\"Nachname\">\n\t\t\t<\/td>\n\t\t<\/tr>\n\t\t<tr>\n\t\t\t<td>\n\t\t\t\t<input type=\"text\" name=\"vorname[]\" placeholder=\"Vorname\">\n\t\t\t<\/td>\n\t\t\t<td>\n\t\t\t\t<input type=\"text\" name=\"nachname[]\" placeholder=\"Nachname\">\n\t\t\t<\/td>\n\t\t<\/tr>\n\t<\/table>\n<!-- \t<label>Vorname: <\/label>\n\t<input type=\"text\" name=\"vorname[]\" placeholder=\"Vorname\" required>\n\t<label>Nachname: <\/label>\n\t<input type=\"text\" name=\"nachname[]\" placeholder=\"Nachname\" required>\n\t<br>\n -->\t<button type=\"submit\">\n\t\tUnverbindlich hinzuf\u00fcgen\t<\/button>\n<\/form>\n\n\n\r\n<h3>\u00dcbersicht Ihrer bisherigen Buchungen<\/h3>\r\n<div class=\"wwz-custom-cart\">\r\n\t\t\t<p>Keine Buchungen gefunden<\/p>\r\n\t<\/div>\r\n\r\n\r\n","protected":false},"excerpt":{"rendered":"<p>Diese Pr\u00fcfung kann nur durchgef\u00fchrt werden, wenn nach Bearbeitung des Lerntools die Online-VAZ 2021 Dok.016 Pr\u00fcfung erfolglos war. Die Online-Pr\u00fcfung kann eigenst\u00e4ndig durchgef\u00fchrt werden. Bei Bedarf steht technischer oder fachlicher Support telefonisch zur Verf\u00fcgung. Dieses Paket beinhaltet: Zugang zu unserer webbasierten Online-Pr\u00fcfung gem. Dok.016 zum Wunsch-Pr\u00fcfungstermin. Ihr Wunschtermin wird uns von Ihnen innerhalb von 20 [&hellip;]<\/p>\n","protected":false},"featured_media":1403,"template":"","meta":{"_wasitools_body_class":""},"product_brand":[],"product_cat":[59],"product_tag":[60,62,61],"class_list":{"0":"post-1356","1":"product","2":"type-product","3":"status-publish","4":"has-post-thumbnail","6":"product_cat-pruefung-dok-016","7":"product_tag-dok-16-online-scc-pruefung","8":"product_tag-dok016","9":"product_tag-online","11":"first","12":"instock","13":"downloadable","14":"virtual","15":"taxable","16":"purchasable","17":"product-type-simple","18":"czr-hentry"},"jetpack_sharing_enabled":true,"_links":{"self":[{"href":"https:\/\/simply-learn.de\/shop\/wp-json\/wp\/v2\/product\/1356","targetHints":{"allow":["GET"]}}],"collection":[{"href":"https:\/\/simply-learn.de\/shop\/wp-json\/wp\/v2\/product"}],"about":[{"href":"https:\/\/simply-learn.de\/shop\/wp-json\/wp\/v2\/types\/product"}],"wp:featuredmedia":[{"embeddable":true,"href":"https:\/\/simply-learn.de\/shop\/wp-json\/wp\/v2\/media\/1403"}],"wp:attachment":[{"href":"https:\/\/simply-learn.de\/shop\/wp-json\/wp\/v2\/media?parent=1356"}],"wp:term":[{"taxonomy":"product_brand","embeddable":true,"href":"https:\/\/simply-learn.de\/shop\/wp-json\/wp\/v2\/product_brand?post=1356"},{"taxonomy":"product_cat","embeddable":true,"href":"https:\/\/simply-learn.de\/shop\/wp-json\/wp\/v2\/product_cat?post=1356"},{"taxonomy":"product_tag","embeddable":true,"href":"https:\/\/simply-learn.de\/shop\/wp-json\/wp\/v2\/product_tag?post=1356"}],"curies":[{"name":"wp","href":"https:\/\/api.w.org\/{rel}","templated":true}]}}